{"id":445,"date":"2022-08-31T14:02:46","date_gmt":"2022-08-31T21:02:46","guid":{"rendered":"https:\/\/blessleyinstruments.com\/wordpress\/?page_id=445"},"modified":"2025-03-21T18:38:47","modified_gmt":"2025-03-22T01:38:47","slug":"recordings-and-publications","status":"publish","type":"page","link":"https:\/\/blessleyinstruments.com\/index.php\/recordings-and-publications\/","title":{"rendered":"Recordings and Publications"},"content":{"rendered":"<p align=\"CENTER\"><b>Blessley Instruments is proud to recommend these recordings featuring our instruments. Digital downloads are available, and you may contact the artists regarding physical CDs.<\/b><\/p>\n<p align=\"CENTER\"><img decoding=\"async\" src=\"https:\/\/www.blessleyinstruments.com\/PageMill_Resources\/noteline.gif\" width=\"582\" height=\"30\" align=\"BOTTOM\" \/><\/p>\n<p align=\"CENTER\"><i><strong><span style=\"font-size: medium;\">All Celtic Muse CDs, as well as solo CDs by Valerie &amp; Jennifer,<\/span><\/strong><\/i><\/p>\n<p align=\"CENTER\"><i><strong><span style=\"font-size: medium;\">are available for sale or download at the following links.<\/span><\/strong><\/i><\/p>\n<p><b><img decoding=\"async\" class=\"alignleft\" src=\"https:\/\/www.blessleyinstruments.com\/PageMill_Resources\/crossroadsweb.jpg\" width=\"195\" height=\"195\" align=\"BOTTOM\" border=\"0\" \/><\/b><i><\/i><\/p>\n<p><b>Valerie Blessley and Jennifer Pratt-Walter<\/b><\/p>\n<p><b><em>Crossroads<\/em> by Celtic Muse<\/b><\/p>\n<p><i><\/i><b>A rich and eclectic blend of Celtic and Scandinavian music on Celtic Harp, Finnish Kantele and woodwinds. Celtic Muse is proud to bring you their third collaborative recording, Crossroads. Continuing with their love of traditional music, Celtic Muse has assembled an exquisite collection of Celtic and Nordic tunes that are sure to delight listeners.<\/b><\/p>\n<p><b>Click to hear <a target=_new href=\"https:\/\/music.apple.com\/us\/search?term=celtic%20muse%2C%20valerie%20blessley%20and%20jennifer\">Crossroads<\/a>!<\/b><\/p>\n<p>&nbsp;<\/p>\n<p><i><strong>\u00a0 \u00a0Northern Light &#8211; Celtic and Scandinavian music on harp, Finnish kantele, and woodwinds.<\/strong><\/i><i><strong><span style=\"font-size: xx-small;\"><img decoding=\"async\" class=\"\" src=\"https:\/\/www.blessleyinstruments.com\/PageMill_Resources\/NL%20webCover.jpg\" width=\"194\" height=\"198\" align=\"LEFT\" border=\"0\" \/><\/span><\/strong><\/i><\/p>\n<p><a href=\"https:\/\/www.blessleyinstruments.com\/bihpVal.html\"><b>\u00a0 \u00a0Valerie Klemetti Blessley<\/b><\/a><\/p>\n<p><b>\u00a0 \u00a0Millennium Harper of Pacific Northwest Waters<\/b><\/p>\n<p><b>\u00a0 \u00a0<u>Nominated for Finlandia Foundation Performer of the Year 2009<\/u><\/b><\/p>\n<p><b>\u00a0 \u00a0Step into Northern Light and drift through the mystical lands of the Irish bards and Finnish poets with dulcet harp, bright kantele and lyric woodwinds. Valerie Klemetti Blessley gently leads listeners through the music of ancient northern lands to discover the mysteries, songs and dances of the Celtic folk harp and Finnish kantele. Your heart will smile and your toes will tap as you bask in Northern Light.<\/b><\/p>\n<p><b>Recorded on a Songbird model harp. &#8220;Northern Light: Artists seek it; wise men follow it.&#8221;<\/b><\/p>\n<p><strong>Click to hear:<\/strong> <a href=\"https:\/\/music.apple.com\/us\/search?term=celtic%20muse%2C%20valerie%20blessley%20and%20jennifer\"><b>Northern Light!<\/b><\/a><\/p>\n<p>&nbsp;<\/p>\n<p><img loading=\"lazy\" decoding=\"async\" class=\"\" src=\"https:\/\/www.blessleyinstruments.com\/PageMill_Resources\/Celtic_100.JPG\" width=\"195\" height=\"195\" align=\"LEFT\" \/><b> Valerie Blessley and Jennifer Pratt-Walter<\/b><\/p>\n<p><b>\u00a0 Wind and Wood by Celtic Muse<\/b><\/p>\n<p><b>\u00a0 First Place Ensemble Winners of the Northwest Regional Harp Competition, 1999!<\/b><\/p>\n<p><b>\u00a0 Join the magical dance of two Celtic harps, flute, and recorders as we explore the depths of the Celtic and Early Music traditions. This song collection will stir your feet, make you weep, and grant you rest.<br \/>\nHarps, flute and recorder ensemble.<\/b><\/p>\n<p><b>Recorded on Songbird and Lyrica model harps.<\/b>\u00a0<b>&#8220;Music to gentle the spirit and gladden the heart.&#8221;<\/b><\/p>\n<p><strong>Click to hear:<\/strong> <a href=\"https:\/\/music.apple.com\/us\/search?term=celtic%20muse%2C%20valerie%20blessley%20and%20jennifer\"><b>Wind and Wood!<\/b><\/a><\/p>\n<p>&nbsp;<\/p>\n<p><b><img loading=\"lazy\" decoding=\"async\" class=\"\" src=\"https:\/\/www.blessleyinstruments.com\/PageMill_Resources\/M%26Bcover.jpg\" width=\"195\" height=\"193\" align=\"LEFT\" border=\"0\" \/><\/b><\/p>\n<p><b>\u00a0 \u00a0Valerie Blessley and Jennifer Pratt-Walter<\/b><\/p>\n<p><b>\u00a0 \u00a0Merry &amp; Bright, by Celtic Muse<\/b><\/p>\n<p><b><br \/>\nCeltic harps, recorders, flute, kantele, and percussion blend in a poignant and and powerful musical wassail. &#8220;Merry &amp; Bright&#8221; carries the listener to a place of joy, delight, and reverence in this collection of unusual and beautiful seasonal-theme pieces. This is harp magic at its best.<\/b><\/p>\n<p><b>&#8220;As ye bide the gathering night, let all hearts be merry and bright. Arise and rejoice! Cherish each day! Banish misfortune and sorrow away!&#8221; These words introduce an album that recaptures the deeper, transcendent meaning of the winter season, evoking a timeless and beautiful sanctuary of sound.<\/b><\/p>\n<p><strong>Click to hear:<\/strong> <a href=\"https:\/\/music.apple.com\/us\/search?term=celtic%20muse%2C%20valerie%20blessley%20and%20jennifer\"><b>Merry &amp; Bright!<\/b><\/a><\/p>\n<p><a target=_new href=\"https:\/\/www.blessleyinstruments.com\/celticmuse\/bihpceltic.html\"><b>(Go to Celtic Muse)<\/b><\/a><\/p>\n<hr \/>\n<p align=\"CENTER\"><img loading=\"lazy\" decoding=\"async\" src=\"https:\/\/www.blessleyinstruments.com\/PageMill_Resources\/FinnBird.gif\" width=\"95\" height=\"104\" align=\"MIDDLE\" border=\"0\" \/><strong><span style=\"font-size: medium;\">Books and Sheet Music from FinnBird Press\u00a0<\/span><\/strong><img loading=\"lazy\" decoding=\"async\" src=\"https:\/\/www.blessleyinstruments.com\/PageMill_Resources\/FinnBird.gif\" width=\"95\" height=\"104\" align=\"MIDDLE\" border=\"0\" \/><\/p>\n<hr align=\"LEFT\" \/>\n<p>&nbsp;<\/p>\n<p><img loading=\"lazy\" decoding=\"async\" class=\"\" src=\"https:\/\/www.blessleyinstruments.com\/PageMill_Resources\/Hearthside-Christmas-webboo.gif\" width=\"184\" height=\"248\" align=\"LEFT\" border=\"0\" \/><strong>Book of Harp &amp; Finnish Kantele Music<\/strong> &#8211;\u00a0<b>Valerie K. Blessley<\/b><\/p>\n<p>Written for the advanced beginner and intermediate player,\u00a0<i><strong>The Hearthside Harper at Christmas<\/strong><\/i><strong>\u00a0<\/strong>contains a collection of rarely heard carols from around the world that can easily be added to your holiday repertoire. Song list: Coventry Carol, Good Christian Men Rejoice, Hiljaa, Hiljaa (Softly, Softly &#8211; Finnish), Masters in This Hall, Over the River and Through the Wood, Sing We Noel (French), Still, Still, Still (German &#8211; in 2 keys), The Angels and the Shepherds, The Huron Carol (American carol, in 2 keys).<\/p>\n<p>Spiral Bound &#8211; $15 US, plus tax (where applicable) and shipping.<\/p>\n<p>&nbsp;<\/p>\n<p><i><strong><span style=\"font-size: xx-small;\"><img loading=\"lazy\" decoding=\"async\" class=\"\" src=\"https:\/\/www.blessleyinstruments.com\/PageMill_Resources\/Hearthside-Finland-webbook.gif\" width=\"188\" height=\"243\" align=\"LEFT\" border=\"0\" \/><\/span><\/strong><\/i><\/p>\n<p><strong><i><span style=\"font-size: xx-small;\">The Hearthside Harper in Finland\u00a0<\/span><\/i>&#8211; Book of Harp &amp; Finnish Kantele Music<\/strong> &#8211;\u00a0<b>Valerie K. Blessley<\/b><\/p>\n<p>Written for the advanced beginner and intermediate player,\u00a0<strong>The Hearthside Harper in Finland\u00a0<\/strong>contains Scandinavian and original pieces, some with lyrics, which are adapted for the folk harp and Finnish kantele. There are a couple of extra delights as well. Song list: Arvon Mekin Ansaitsemme (Song in praise of the Finnish people), Boda Waltz (Swedish in 2 keys), Furuboms Polska, K\u00e4in Min\u00e4 Kaunista, Kangasta, My\u00f6ten (Walking along a beautiful ridge), Kakkunassi (a lively circle dance), Kalevala Melody (an ancient Finnish tune), Kikari (a lively Karelian dance), Markkinalaulu (a lovely Finnish minuet), Vesiv\u00e4ri (Watercolors &#8211; original).<\/p>\n<p>Spiral Bound &#8211; $15 US, plus tax (where applicable) and shipping.<\/p>\n<p>&nbsp;<\/p>\n<p><i><strong><span style=\"font-size: xx-small;\"><img loading=\"lazy\" decoding=\"async\" class=\"\" src=\"https:\/\/www.blessleyinstruments.com\/PageMill_Resources\/Harper%27sCroftbook.jpg\" width=\"188\" height=\"244\" align=\"LEFT\" border=\"0\" \/><\/span><\/strong><\/i><\/p>\n<p><strong><i><span style=\"font-size: xx-small;\">A Harper&#8217;s Croft<\/span><\/i>\u00a0&#8211; Book of Harp &amp; Finnish Kantele Music<\/strong> &#8211;\u00a0<b>Valerie K. Blessley<\/b><\/p>\n<p>Written for the advanced beginner and intermediate player,\u00a0<strong>A Harper&#8217;s Croft\u00a0<\/strong>contains Celtic and original pieces, including 2 arrangements of<i>\u00a0Babers&#8217; Waltz (Kultavalssi)<\/i>, written for Mark Blessley, one of which appears on the\u00a0<strong>Celtic Muse<\/strong>\u00a0CD,\u00a0<i><strong>Wind and Wood.<\/strong><\/i><\/p>\n<p>Spiral Bound &#8211; $15 US, plus tax (where applicable) and shipping.<\/p>\n<p>&nbsp;<\/p>\n<p>&nbsp;<\/p>\n<hr align=\"LEFT\" \/>\n<p>&nbsp;<\/p>\n<p><i><strong><span style=\"font-size: xx-small;\"><img loading=\"lazy\" decoding=\"async\" class=\"\" src=\"https:\/\/www.blessleyinstruments.com\/PageMill_Resources\/Marionettes.jpg\" width=\"188\" height=\"245\" align=\"LEFT\" border=\"0\" \/><\/span><\/strong><\/i><\/p>\n<p><strong><i><span style=\"font-size: xx-small;\">Marionettes<\/span><\/i> &#8211; Sheet Music &#8211; Valerie K. Blessley<\/strong><\/p>\n<p>Written for the advanced beginner and intermediate player,\u00a0<strong>Marionettes<\/strong>\u00a0is dedicated to Marion Fouse, respected harp teacher in Portland, OR. It&#8217;s good practice for left hand patterns!\u00a0<strong>Marionettes<\/strong>\u00a0is a character piece depicting a lesson with Marion&#8230; pleasant conversation, the challenging lesson, ending with encouragement and praise.<\/p>\n<p>$5 US, plus tax (where applicable) and shipping.<\/p>\n<p>&nbsp;<\/p>\n<p>&nbsp;<\/p>\n<hr align=\"LEFT\" \/>\n<p>&nbsp;<\/p>\n<h3><b><span style=\"font-size: small;\">To order\u00a0<a href=\"https:\/\/www.blessleyinstruments.com\/celticmuse\/bihporderform.html\">click here<\/a>, or print and send the\u00a0<u><a href=\"https:\/\/www.blessleyinstruments.com\/celticmuse\/bihporderform.html\">surface mail order form<\/a><\/u>\u00a0to us at:<\/span><\/b><\/h3>\n<address><b><span style=\"font-size: xx-small;\">Blessley Instruments<\/span><\/b><\/address>\n<address><b><span style=\"font-size: xx-small;\">10013 NE Hazel Dell Ave. #148<\/span><\/b><\/address>\n<address><b><span style=\"font-size: xx-small;\">Vancouver, WA USA 98685<\/span><\/b><\/address>\n<address>\u00a0<\/address>\n<address><b><span style=\"font-size: xx-small;\">email Blessley Instruments at:\u00a0Valerie.Blessley@gmail.com<\/span><\/b>\u00a0<b><span style=\"font-size: xx-small;\">or call: (360) 600-8477<\/span><\/b><\/address>\n<address>\u00a0<\/address>\n<address>\n<hr align=\"LEFT\" \/>\n<\/address>\n<address>\u00a0<\/address>\n<address><b><span style=\"font-size: small;\">Scorch File: &#8220;<a href=\"https:\/\/www.blessleyinstruments.com\/Erkki%27s%20Building%20Building.htm\">Erkki&#8217;s Building Building<\/a>&#8221; ~ Printable original music by Valerie Klemetti Blessley<\/span><\/b><\/address>\n<address>\u00a0<\/address>\n<address><span style=\"font-size: xx-small;\">This tune was written in honor of the kantele builders at Maine Kantele Institute 2008, and our mentor, Erkki Okkonen.<\/span><\/address>\n<address><span style=\"font-size: xx-small;\">It is because of his patient teaching that many new kanteles exist in the USA!<\/span><\/address>\n<address>\n<hr align=\"LEFT\" \/>\n<\/address>\n<address><b><span style=\"font-size: small;\">Other Recordings Using Blessley Instruments&#8217; Harps<\/span><\/b><\/address>\n<address>\u00a0<\/address>\n<p><img loading=\"lazy\" decoding=\"async\" class=\"\" src=\"https:\/\/www.blessleyinstruments.com\/PageMill_Resources\/Ancient_100.JPG\" width=\"194\" height=\"194\" align=\"LEFT\" \/><b><em>Ancient Realms<\/em> by Jennifer Pratt-Walter<\/b><\/p>\n<p><b>First Place Winner\u00a0(Professional Soloist Category)\u00a0of the Northwest Regional Harp Competition, 2003!<\/b><\/p>\n<p><b>&#8220;Slip through the veil of time to the haunting strains of the Celtic harp.&#8221; Solo harp recorded on a Lyrica model harp.<\/b><\/p>\n<p><b>To order from Jennifer&#8217;s web site:\u00a0<a target=_new href=\"http:\/\/www.cdbaby.com\/cd\/jenniferpw\">http:\/\/www.cdbaby.com\/cd\/jenniferpw<\/a><\/b><\/p>\n<p>&nbsp;<\/p>\n<p>&nbsp;<\/p>\n<hr align=\"LEFT\" \/>\n<p>&nbsp;<\/p>\n<p><b><i><span style=\"font-size: xx-small;\"><img loading=\"lazy\" decoding=\"async\" class=\"\" src=\"https:\/\/www.blessleyinstruments.com\/PageMill_Resources\/Depth%20of%20Fld%20Cover-1.jpg\" width=\"195\" height=\"195\" align=\"LEFT\" border=\"0\" \/><\/span><\/i><\/b><\/p>\n<p><b>\u00a0 \u00a0<em>Depth of Field<\/em> by Harper Tasche<\/b><\/p>\n<p><b>Harp, recorder, and bowed psaltery. Recorded on an Orion model cross-strung harp.<\/b><\/p>\n<p><b>&#8220;Lyrical New Music with an Old-World feel.&#8221; Recorded on an Orion model cross-strung harp.<\/b><\/p>\n<p><b>&#8220;The world&#8217;s first solo cross-strung harp CD! Music by Henry Purcell, J. A. Freylinghausen, J. S. Bach, Scott Joplin, and Turlough O&#8217; Carolan; tunes from Scotland and medieval Spain; and new music by Harper Tasche and Diane Moss.&#8221;<\/b><\/p>\n<p><b>To listen to\u00a0 Harper&#8217;s music go to: <a target=_new href=\"https:\/\/music.apple.com\/us\/search?term=Harper%20Tasche\">https:\/\/music.apple.com\/us\/search?term=Harper%20Tasche<\/a><\/b><\/p>\n<p>&nbsp;<\/p>\n<hr align=\"LEFT\" \/>\n<p>&nbsp;<\/p>\n<p><b>\u00a0 \u00a0<em>Powers that Be<\/em> by Harper Tasche<\/b><b><i><span style=\"font-size: xx-small;\"><img loading=\"lazy\" decoding=\"async\" class=\"\" src=\"https:\/\/www.blessleyinstruments.com\/PageMill_Resources\/Powers%20That%20Be.jpg\" width=\"194\" height=\"194\" align=\"LEFT\" border=\"0\" \/><\/span><\/i><\/b><\/p>\n<p><b>Harp, recorder, and bowed psaltery. Recorded on a Rigel model cross-strung harp.<\/b><\/p>\n<p><b>&#8220;A showcase for gentle cross-strung harp, with Nordic and Celtic airs and lullabies; pieces by Franz Schubert and J. S. Bach; and new music by Harper Tasche and Bob Zawalich.&#8221;<\/b><\/p>\n<p><b>To listen to\u00a0 Harper&#8217;s music go to: <a target=_new href=\"https:\/\/music.apple.com\/us\/search?term=Harper%20Tasche\">https:\/\/music.apple.com\/us\/search?term=Harper%20Tasche<\/a><\/b><\/p>\n<hr \/>\n<p>&nbsp;<\/p>\n<p><b><em>Persephone&#8217;s Art<\/em> by Verlene Schermer<\/b><b><i><span style=\"font-size: xx-small;\"><img loading=\"lazy\" decoding=\"async\" class=\"\" src=\"https:\/\/www.blessleyinstruments.com\/PageMill_Resources\/VerleneCD.jpg\" width=\"194\" height=\"200\" align=\"LEFT\" border=\"0\" \/><\/span><\/i><\/b><\/p>\n<p><b>Verlene&#8217;s most recent release features thirteen original songs and includes her jazzy arrangement of Gershwin&#8217;s &#8220;Summertime&#8221; as well.\u00a0\u00a0<i>Peresphone&#8217;s Art\u00a0<\/i>has a jazzy, bluesy upbeat style that will get you tapping your feet and singing along!<\/b><\/p>\n<p><b>Recorded on an Orion model cross-strung harp.<\/b><\/p>\n<p><b>To order from Verlene&#8217;s web site:\u00a0<a target=_new href=\"http:\/\/www.verlene.com\/record.html#persephone\">http:\/\/www.verlene.com\/record.html#persephone<\/a><\/b><\/p>\n","protected":false},"excerpt":{"rendered":"<p>Blessley Instruments is proud to recommend these recordings featuring our instruments. Digital downloads are available, and you may contact the artists regarding physical CDs. All Celtic Muse CDs, as well as solo CDs by Valerie &amp; Jennifer, are available for sale or download at the following links. Valerie Blessley and Jennifer Pratt-Walter Crossroads by Celtic [&hellip;]<\/p>\n","protected":false},"author":1,"featured_media":0,"parent":0,"menu_order":0,"comment_status":"closed","ping_status":"closed","template":"","meta":{"ocean_post_layout":"","ocean_both_sidebars_style":"","ocean_both_sidebars_content_width":0,"ocean_both_sidebars_sidebars_width":0,"ocean_sidebar":"0","ocean_second_sidebar":"0","ocean_disable_margins":"enable","ocean_add_body_class":"","ocean_shortcode_before_top_bar":"","ocean_shortcode_after_top_bar":"","ocean_shortcode_before_header":"","ocean_shortcode_after_header":"","ocean_has_shortcode":"","ocean_shortcode_after_title":"","ocean_shortcode_before_footer_widgets":"","ocean_shortcode_after_footer_widgets":"","ocean_shortcode_before_footer_bottom":"","ocean_shortcode_after_footer_bottom":"","ocean_display_top_bar":"default","ocean_display_header":"default","ocean_header_style":"","ocean_center_header_left_menu":"0","ocean_custom_header_template":"0","ocean_custom_logo":0,"ocean_custom_retina_logo":0,"ocean_custom_logo_max_width":0,"ocean_custom_logo_tablet_max_width":0,"ocean_custom_logo_mobile_max_width":0,"ocean_custom_logo_max_height":0,"ocean_custom_logo_tablet_max_height":0,"ocean_custom_logo_mobile_max_height":0,"ocean_header_custom_menu":"0","ocean_menu_typo_font_family":"0","ocean_menu_typo_font_subset":"","ocean_menu_typo_font_size":0,"ocean_menu_typo_font_size_tablet":0,"ocean_menu_typo_font_size_mobile":0,"ocean_menu_typo_font_size_unit":"px","ocean_menu_typo_font_weight":"","ocean_menu_typo_font_weight_tablet":"","ocean_menu_typo_font_weight_mobile":"","ocean_menu_typo_transform":"","ocean_menu_typo_transform_tablet":"","ocean_menu_typo_transform_mobile":"","ocean_menu_typo_line_height":0,"ocean_menu_typo_line_height_tablet":0,"ocean_menu_typo_line_height_mobile":0,"ocean_menu_typo_line_height_unit":"","ocean_menu_typo_spacing":0,"ocean_menu_typo_spacing_tablet":0,"ocean_menu_typo_spacing_mobile":0,"ocean_menu_typo_spacing_unit":"","ocean_menu_link_color":"","ocean_menu_link_color_hover":"","ocean_menu_link_color_active":"","ocean_menu_link_background":"","ocean_menu_link_hover_background":"","ocean_menu_link_active_background":"","ocean_menu_social_links_bg":"","ocean_menu_social_hover_links_bg":"","ocean_menu_social_links_color":"","ocean_menu_social_hover_links_color":"","ocean_disable_title":"default","ocean_disable_heading":"default","ocean_post_title":"","ocean_post_subheading":"","ocean_post_title_style":"","ocean_post_title_background_color":"","ocean_post_title_background":0,"ocean_post_title_bg_image_position":"","ocean_post_title_bg_image_attachment":"","ocean_post_title_bg_image_repeat":"","ocean_post_title_bg_image_size":"","ocean_post_title_height":0,"ocean_post_title_bg_overlay":0.5,"ocean_post_title_bg_overlay_color":"","ocean_disable_breadcrumbs":"default","ocean_breadcrumbs_color":"","ocean_breadcrumbs_separator_color":"","ocean_breadcrumbs_links_color":"","ocean_breadcrumbs_links_hover_color":"","ocean_display_footer_widgets":"default","ocean_display_footer_bottom":"default","ocean_custom_footer_template":"0","footnotes":""},"class_list":["post-445","page","type-page","status-publish","hentry","entry"],"jetpack_sharing_enabled":true,"_links":{"self":[{"href":"https:\/\/blessleyinstruments.com\/index.php\/wp-json\/wp\/v2\/pages\/445","targetHints":{"allow":["GET"]}}],"collection":[{"href":"https:\/\/blessleyinstruments.com\/index.php\/wp-json\/wp\/v2\/pages"}],"about":[{"href":"https:\/\/blessleyinstruments.com\/index.php\/wp-json\/wp\/v2\/types\/page"}],"author":[{"embeddable":true,"href":"https:\/\/blessleyinstruments.com\/index.php\/wp-json\/wp\/v2\/users\/1"}],"replies":[{"embeddable":true,"href":"https:\/\/blessleyinstruments.com\/index.php\/wp-json\/wp\/v2\/comments?post=445"}],"version-history":[{"count":16,"href":"https:\/\/blessleyinstruments.com\/index.php\/wp-json\/wp\/v2\/pages\/445\/revisions"}],"predecessor-version":[{"id":953,"href":"https:\/\/blessleyinstruments.com\/index.php\/wp-json\/wp\/v2\/pages\/445\/revisions\/953"}],"wp:attachment":[{"href":"https:\/\/blessleyinstruments.com\/index.php\/wp-json\/wp\/v2\/media?parent=445"}],"curies":[{"name":"wp","href":"https:\/\/api.w.org\/{rel}","templated":true}]}}